{"id":4495,"date":"2025-07-05T00:41:22","date_gmt":"2025-07-04T22:41:22","guid":{"rendered":"https:\/\/nachoguzmantenor.com\/?page_id=4495"},"modified":"2025-07-12T17:09:36","modified_gmt":"2025-07-12T15:09:36","slug":"biografia","status":"publish","type":"page","link":"https:\/\/nachoguzmantenor.com\/index.php\/biografia\/","title":{"rendered":"Biograf\u00eda"},"content":{"rendered":"[et_pb_section admin_label=\u00bbsection\u00bb]\n\t\t\t[et_pb_row admin_label=\u00bbrow\u00bb]\n\t\t\t\t[et_pb_column type=\u00bb4_4&#8243;][et_pb_text admin_label=\u00bbText\u00bb]\n<p>Nacho Guzm\u00e1n es un tenor Argentino radicado en Barcelona Nacido el 27 de enero de 1980 en la ciudad de C\u00f3rdoba, Argentina. Estudia t\u00e9cnica vocal y repertorio con el maestro Fernando \u00c1lvarez. Aborda los roles m\u00e1s solicitados del repertorio oper\u00edstico: Don Jos\u00e9 (Carmen), Cavaradossi (Tosca), Calaf (Turandot), Rodolfo (La Boheme), Radam\u00e9s (Aida), Manrico (Il Trovatore), Gustavo III (Un ballo in maschera), Alfredo (La Traviata), Pollione (Norma), Canio (Pagliacci), Turiddu (Cavalleria Rusticana), entre otros.<\/p>\n\n\n\n<p>En 2011 comienza a estudiar canto y repertorio con el Mtro. Oscar G\u00e1lvez Vidal y gana una plaza por concurso en el Coro Estable del Teatro del Libertador de la Provincia de C\u00f3rdoba (Argentina), donde se desempe\u00f1a por 6 a\u00f1os en la cuerda de tenores.<\/p>\n\n\n\n<p>En 2012 debuta como solista en la zarzuela \u201cLa Dolorosa\u201d bajo la direcci\u00f3n de Liliana Carre\u00f1o.<\/p>\n\n\n\n<p>En 2014 realiza su debut protag\u00f3nico en \u00f3pera como Alfredo (La Traviata) en el Teatro Real de C\u00f3rdoba (Argentina). Ese mismo a\u00f1o viaja a Tucum\u00e1n (Argentina) para interpretar el rol de Javier Moreno (Luisa Fernanda) en el Teatro San Mart\u00edn, bajo la direcci\u00f3n del maestro Enrique Ricci.<\/p>\n\n\n\n<p>En 2015, recomendado por la mezzosoprano Mar\u00eda Luj\u00e1n Mirabelli, viaja a Tortona (Italia) para estudiar una m\u00e1ster de t\u00e9cnica vocal con la mezzosoprano Franca Mattiucci. Ese a\u00f1o debuta como tenor solista en el Teatro del Libertador de C\u00f3rdoba con la 9\u00aa Sinfon\u00eda de Beethoven, bajo la direcci\u00f3n de Hadrian Avila Arzuza.<\/p>\n\n\n\n<p>En 2016 interpreta a Gustavo III (Un ballo in maschera) en una producci\u00f3n del Teatro del Libertador de C\u00f3rdoba.<\/p>\n\n\n\n<p>En 2017 se radica en Barcelona y, por recomendaci\u00f3n del tenor Luis Lima, estudia repertorio con el maestro Fernando \u00c1lvarez y t\u00e9cnica vocal con la soprano Natasha Tup\u00edn. Realiza m\u00e1sters de t\u00e9cnica vocal con Francisco Araiza, Jaume Aragall, Ainhoa Garmendia, Cecilia Lapponi y Francesca Roig.<\/p>\n\n\n\n<p>En 2018 debuta como solista en Europa interpretando a Radam\u00e9s (Aida) en la \u00d3pera de Terrassa (Barcelona). Ese mismo a\u00f1o se incorpora a las producciones del Palau de la M\u00fasica Catalana (Barcelona), interpretando a Don Jos\u00e9 (Carmen) y Alfredo (La Traviata).<\/p>\n\n\n\n<p>En 2019 participa en una gira por Espa\u00f1a en un concierto homenaje a Montserrat Caball\u00e9, junto a su hija Montserrat Mart\u00ed Caball\u00e9. Ese a\u00f1o debuta con la compa\u00f1\u00eda Operissimo en los roles de Manrico (Il Trovatore) y Cavaradossi (Tosca).<\/p>\n\n\n\n<p>En 2021 se une a la compa\u00f1\u00eda de Leonor Gago, interpretando en gira por los principales teatros de Espa\u00f1a a Radam\u00e9s (Aida) en 2021, Cavaradossi (Tosca) en 2022, Pollione (Norma) en 2023 y Don Jos\u00e9 (Carmen) en noviembre de 2024.<\/p>\n\n\n\n<p>En febrero de 2023 debuta como Canio (Pagliacci) en el Teatro Kursaal de San Sebasti\u00e1n (Espa\u00f1a) con la compa\u00f1\u00eda Opus L\u00edrica de la soprano Ainhoa Garmendia.<\/p>\n\n\n\n<p>En septiembre de 2023 participa en el Festival de \u00d3pera y Ballet \u201cMar\u00eda Biesu\u201d interpretando a Cavaradossi (Tosca) en Chisinau, Moldavia.<\/p>\n\n\n\n<p>En diciembre de 2023 es contratado por el Gran Teatro del Liceu (Barcelona) como \u201ccover\u201d de Don Jos\u00e9 (Carmen) en la producci\u00f3n de Calixto Bieito.<\/p>\n\n\n\n<p>En abril de 2024 debuta como Calaf (Turandot) con la Fundaci\u00f3n \u00d3pera de Catalunya (FOC).<\/p>\n\n\n\n<p>En septiembre de 2024 regresa a su ciudad natal para interpretar a Rodolfo (La Boheme) en el Teatro del Libertador y en diciembre viaja a Moldavia para interpretar a Don Jos\u00e9 (Carmen).<\/p>\n\n\n\n<p>En enero de 2025 debuta como Turiddu (Cavalleria Rusticana) con la compa\u00f1\u00eda Project \u00d3pera (Barcelona).<\/p>\n\n\n\n<p>En marzo de 2025 interpreta a Ismaele (Nabucco) y en mayo a Don Jos\u00e9 (Carmen) con la Fundaci\u00f3n \u00d3pera de Catalunya.<\/p>\n[\/et_pb_text][\/et_pb_column]\n\t\t\t[\/et_pb_row]\n\t\t[\/et_pb_section]","protected":false},"excerpt":{"rendered":"<p>Nacho Guzm\u00e1n, tenor argentino nacido en C\u00f3rdoba en 1980, reside en Barcelona desde 2017.<br \/>\nFormado con destacados maestros como Fernando \u00c1lvarez, Oscar G\u00e1lvez Vidal y Franca Mattiucci, se ha consolidado como int\u00e9rprete de importantes roles del repertorio oper\u00edstico, incluyendo Don Jos\u00e9, Calaf, Cavaradossi, Radam\u00e9s y Alfredo.<br \/>\nInici\u00f3 su carrera como solista en 2012 y debut\u00f3 en \u00f3pera en 2014 como Alfredo en La Traviata.<br \/>\nHa actuado en los principales teatros de Argentina, Italia, Moldavia y Espa\u00f1a, destac\u00e1ndose en producciones de Aida, Tosca, Norma y Pagliacci.<br \/>\nDesde 2018 canta en el Palau de la M\u00fasica Catalana y ha girado con compa\u00f1\u00edas como Operissimo y Leonor Gago.<br \/>\nEn 2023 fue contratado por el Gran Teatre del Liceu como cover de Carmen y contin\u00faa su actividad en escenarios europeos.<br \/>\nEn 2025, debuta como Turiddu y participa con la Fundaci\u00f3n \u00d3pera de Catalunya en nuevas producciones, consolidando una carrera internacional en ascenso.<\/p>\n","protected":false},"author":1,"featured_media":0,"parent":0,"menu_order":0,"comment_status":"closed","ping_status":"closed","template":"","meta":{"_et_pb_use_builder":"on","_et_pb_old_content":"<!-- wp:paragraph -->\n<p>Nacho Guzm\u00e1n es un tenor Argentino radicado en Barcelona Nacido el 27 de enero de 1980 en la ciudad de C\u00f3rdoba, Argentina. Estudia t\u00e9cnica vocal y repertorio con el maestro Fernando \u00c1lvarez. Aborda los roles m\u00e1s solicitados del repertorio oper\u00edstico: Don Jos\u00e9 (Carmen), Cavaradossi (Tosca), Calaf (Turandot), Rodolfo (La Boheme), Radam\u00e9s (Aida), Manrico (Il Trovatore), Gustavo III (Un ballo in maschera), Alfredo (La Traviata), Pollione (Norma), Canio (Pagliacci), Turiddu (Cavalleria Rusticana), entre otros.<\/p>\n<!-- \/wp:paragraph -->\n\n<!-- wp:paragraph -->\n<p>En 2011 comienza a estudiar canto y repertorio con el Mtro. Oscar G\u00e1lvez Vidal y gana una plaza por concurso en el Coro Estable del Teatro del Libertador de la Provincia de C\u00f3rdoba (Argentina), donde se desempe\u00f1a por 6 a\u00f1os en la cuerda de tenores.<\/p>\n<!-- \/wp:paragraph -->\n\n<!-- wp:paragraph -->\n<p>En 2012 debuta como solista en la zarzuela \u201cLa Dolorosa\u201d bajo la direcci\u00f3n de Liliana Carre\u00f1o.<\/p>\n<!-- \/wp:paragraph -->\n\n<!-- wp:paragraph -->\n<p>En 2014 realiza su debut protag\u00f3nico en \u00f3pera como Alfredo (La Traviata) en el Teatro Real de C\u00f3rdoba (Argentina). Ese mismo a\u00f1o viaja a Tucum\u00e1n (Argentina) para interpretar el rol de Javier Moreno (Luisa Fernanda) en el Teatro San Mart\u00edn, bajo la direcci\u00f3n del maestro Enrique Ricci.<\/p>\n<!-- \/wp:paragraph -->\n\n<!-- wp:paragraph -->\n<p>En 2015, recomendado por la mezzosoprano Mar\u00eda Luj\u00e1n Mirabelli, viaja a Tortona (Italia) para estudiar una m\u00e1ster de t\u00e9cnica vocal con la mezzosoprano Franca Mattiucci. Ese a\u00f1o debuta como tenor solista en el Teatro del Libertador de C\u00f3rdoba con la 9\u00aa Sinfon\u00eda de Beethoven, bajo la direcci\u00f3n de Hadrian Avila Arzuza.<\/p>\n<!-- \/wp:paragraph -->\n\n<!-- wp:paragraph -->\n<p>En 2016 interpreta a Gustavo III (Un ballo in maschera) en una producci\u00f3n del Teatro del Libertador de C\u00f3rdoba.<\/p>\n<!-- \/wp:paragraph -->\n\n<!-- wp:paragraph -->\n<p>En 2017 se radica en Barcelona y, por recomendaci\u00f3n del tenor Luis Lima, estudia repertorio con el maestro Fernando \u00c1lvarez y t\u00e9cnica vocal con la soprano Natasha Tup\u00edn. Realiza m\u00e1sters de t\u00e9cnica vocal con Francisco Araiza, Jaume Aragall, Ainhoa Garmendia, Cecilia Lapponi y Francesca Roig.<\/p>\n<!-- \/wp:paragraph -->\n\n<!-- wp:paragraph -->\n<p>En 2018 debuta como solista en Europa interpretando a Radam\u00e9s (Aida) en la \u00d3pera de Terrassa (Barcelona). Ese mismo a\u00f1o se incorpora a las producciones del Palau de la M\u00fasica Catalana (Barcelona), interpretando a Don Jos\u00e9 (Carmen) y Alfredo (La Traviata).<\/p>\n<!-- \/wp:paragraph -->\n\n<!-- wp:paragraph -->\n<p>En 2019 participa en una gira por Espa\u00f1a en un concierto homenaje a Montserrat Caball\u00e9, junto a su hija Montserrat Mart\u00ed Caball\u00e9. Ese a\u00f1o debuta con la compa\u00f1\u00eda Operissimo en los roles de Manrico (Il Trovatore) y Cavaradossi (Tosca).<\/p>\n<!-- \/wp:paragraph -->\n\n<!-- wp:paragraph -->\n<p>En 2021 se une a la compa\u00f1\u00eda de Leonor Gago, interpretando en gira por los principales teatros de Espa\u00f1a a Radam\u00e9s (Aida) en 2021, Cavaradossi (Tosca) en 2022, Pollione (Norma) en 2023 y Don Jos\u00e9 (Carmen) en noviembre de 2024.<\/p>\n<!-- \/wp:paragraph -->\n\n<!-- wp:paragraph -->\n<p>En febrero de 2023 debuta como Canio (Pagliacci) en el Teatro Kursaal de San Sebasti\u00e1n (Espa\u00f1a) con la compa\u00f1\u00eda Opus L\u00edrica de la soprano Ainhoa Garmendia.<\/p>\n<!-- \/wp:paragraph -->\n\n<!-- wp:paragraph -->\n<p>En septiembre de 2023 participa en el Festival de \u00d3pera y Ballet \u201cMar\u00eda Biesu\u201d interpretando a Cavaradossi (Tosca) en Chisinau, Moldavia.<\/p>\n<!-- \/wp:paragraph -->\n\n<!-- wp:paragraph -->\n<p>En diciembre de 2023 es contratado por el Gran Teatro del Liceu (Barcelona) como \u201ccover\u201d de Don Jos\u00e9 (Carmen) en la producci\u00f3n de Calixto Bieito.<\/p>\n<!-- \/wp:paragraph -->\n\n<!-- wp:paragraph -->\n<p>En abril de 2024 debuta como Calaf (Turandot) con la Fundaci\u00f3n \u00d3pera de Catalunya (FOC).<\/p>\n<!-- \/wp:paragraph -->\n\n<!-- wp:paragraph -->\n<p>En septiembre de 2024 regresa a su ciudad natal para interpretar a Rodolfo (La Boheme) en el Teatro del Libertador y en diciembre viaja a Moldavia para interpretar a Don Jos\u00e9 (Carmen).<\/p>\n<!-- \/wp:paragraph -->\n\n<!-- wp:paragraph -->\n<p>En enero de 2025 debuta como Turiddu (Cavalleria Rusticana) con la compa\u00f1\u00eda Project \u00d3pera (Barcelona).<\/p>\n<!-- \/wp:paragraph -->\n\n<!-- wp:paragraph -->\n<p>En marzo de 2025 interpreta a Ismaele (Nabucco) y en mayo a Don Jos\u00e9 (Carmen) con la Fundaci\u00f3n \u00d3pera de Catalunya.<\/p>\n<!-- \/wp:paragraph -->","_et_gb_content_width":"1080","footnotes":""},"class_list":["post-4495","page","type-page","status-publish","hentry"],"_links":{"self":[{"href":"https:\/\/nachoguzmantenor.com\/index.php\/wp-json\/wp\/v2\/pages\/4495","targetHints":{"allow":["GET"]}}],"collection":[{"href":"https:\/\/nachoguzmantenor.com\/index.php\/wp-json\/wp\/v2\/pages"}],"about":[{"href":"https:\/\/nachoguzmantenor.com\/index.php\/wp-json\/wp\/v2\/types\/page"}],"author":[{"embeddable":true,"href":"https:\/\/nachoguzmantenor.com\/index.php\/wp-json\/wp\/v2\/users\/1"}],"replies":[{"embeddable":true,"href":"https:\/\/nachoguzmantenor.com\/index.php\/wp-json\/wp\/v2\/comments?post=4495"}],"version-history":[{"count":7,"href":"https:\/\/nachoguzmantenor.com\/index.php\/wp-json\/wp\/v2\/pages\/4495\/revisions"}],"predecessor-version":[{"id":4577,"href":"https:\/\/nachoguzmantenor.com\/index.php\/wp-json\/wp\/v2\/pages\/4495\/revisions\/4577"}],"wp:attachment":[{"href":"https:\/\/nachoguzmantenor.com\/index.php\/wp-json\/wp\/v2\/media?parent=4495"}],"curies":[{"name":"wp","href":"https:\/\/api.w.org\/{rel}","templated":true}]}}